{"id":11,"date":"2018-12-21T06:29:53","date_gmt":"2018-12-21T06:29:53","guid":{"rendered":"http:\/\/baiv.de\/spieker\/?page_id=11"},"modified":"2024-10-05T19:45:23","modified_gmt":"2024-10-05T18:45:23","slug":"kuenstler","status":"publish","type":"page","link":"http:\/\/baiv.de\/spieker\/kuenstler\/","title":{"rendered":"\u00dcber den K\u00fcnstler"},"content":{"rendered":"\t\t<div data-elementor-type=\"wp-post\" data-elementor-id=\"11\" class=\"elementor elementor-11\">\n\t\t\t\t<div class=\"elementor-element elementor-element-0991367 e-flex e-con-boxed e-con e-parent\" data-id=\"0991367\" data-element_type=\"container\" data-settings=\"{&quot;background_background&quot;:&quot;classic&quot;,&quot;shape_divider_bottom&quot;:&quot;waves&quot;}\">\n\t\t\t\t\t<div class=\"e-con-inner\">\n\t\t\t\t<div class=\"elementor-shape elementor-shape-bottom\" data-negative=\"false\">\n\t\t\t<svg xmlns=\"http:\/\/www.w3.org\/2000\/svg\" viewBox=\"0 0 1000 100\" preserveAspectRatio=\"none\">\n\t<path class=\"elementor-shape-fill\" d=\"M421.9,6.5c22.6-2.5,51.5,0.4,75.5,5.3c23.6,4.9,70.9,23.5,100.5,35.7c75.8,32.2,133.7,44.5,192.6,49.7\n\tc23.6,2.1,48.7,3.5,103.4-2.5c54.7-6,106.2-25.6,106.2-25.6V0H0v30.3c0,0,72,32.6,158.4,30.5c39.2-0.7,92.8-6.7,134-22.4\n\tc21.2-8.1,52.2-18.2,79.7-24.2C399.3,7.9,411.6,7.5,421.9,6.5z\"\/>\n<\/svg>\t\t<\/div>\n\t\t<div class=\"elementor-element elementor-element-75e38df e-con-full e-flex e-con e-child\" data-id=\"75e38df\" data-element_type=\"container\">\n\t\t\t\t<div class=\"elementor-element elementor-element-da1b254 elementor-widget elementor-widget-heading\" data-id=\"da1b254\" data-element_type=\"widget\" data-widget_type=\"heading.default\">\n\t\t\t\t<div class=\"elementor-widget-container\">\n\t\t\t<h5 class=\"elementor-heading-title elementor-size-default\">Thomas Spieker<\/h5>\t\t<\/div>\n\t\t\t\t<\/div>\n\t\t\t\t<div class=\"elementor-element elementor-element-3b464b2 elementor-widget elementor-widget-heading\" data-id=\"3b464b2\" data-element_type=\"widget\" data-widget_type=\"heading.default\">\n\t\t\t\t<div class=\"elementor-widget-container\">\n\t\t\t<h2 class=\"elementor-heading-title elementor-size-default\">Der K\u00fcnstler <br><br>\n\n<\/h2>\t\t<\/div>\n\t\t\t\t<\/div>\n\t\t\t\t<\/div>\n\t\t\t\t\t<\/div>\n\t\t\t\t<\/div>\n\t\t<div class=\"elementor-element elementor-element-feefeb9 e-flex e-con-boxed e-con e-parent\" data-id=\"feefeb9\" data-element_type=\"container\" data-settings=\"{&quot;background_background&quot;:&quot;classic&quot;}\">\n\t\t\t\t\t<div class=\"e-con-inner\">\n\t\t\t\t<div class=\"elementor-element elementor-element-7aa7fe2 elementor-widget__width-initial elementor-invisible elementor-widget elementor-widget-heading\" data-id=\"7aa7fe2\" data-element_type=\"widget\" data-settings=\"{&quot;_animation&quot;:&quot;fadeInLeft&quot;}\" data-widget_type=\"heading.default\">\n\t\t\t\t<div class=\"elementor-widget-container\">\n\t\t\t<h2 class=\"elementor-heading-title elementor-size-default\">Der K\u00fcnstler<\/h2>\t\t<\/div>\n\t\t\t\t<\/div>\n\t\t\t\t<div class=\"elementor-element elementor-element-f52e13b elementor-widget__width-initial elementor-widget elementor-widget-text-editor\" data-id=\"f52e13b\" data-element_type=\"widget\" data-widget_type=\"text-editor.default\">\n\t\t\t\t<div class=\"elementor-widget-container\">\n\t\t\t\t\t\t\t<p>Thomas Spieker, geboren am 16.09.1969 in M\u00fcnchen, lebt und arbeitet in Gehrden bei Hannover.<br \/>SPIKE ist seit 2004 in diversen Kunstausstellungen vertreten.<\/p><p>Der Gehrdener K\u00fcnstler Thomas Spieker alias SPIKE verhilft der Kraft der Farben zur vollen Geltung, indem er pro Werk nur wenige unterschiedliche davon benutzt. Bisweilen kreiert SPIKE auch nur eine einzige Farbe auf Leinwand oder andere Tr\u00e4germaterialien. Inspiration holt sich der K\u00fcnstler und Vater von vier Kindern an vielen Stellen und in zahlreichen Alltagssituationen \u2013 n\u00e4mlich in der Natur, den Innenst\u00e4dten, entlang der Bahngleise, in Industriegebieten sowie in der Mode- und Spielzeugwelt. Banales, Profanes und Chaotisches ist f\u00fcr SPIKE oft spannender und k\u00fcnstlerisch ansprechender als Postkartenidyllen. Gegenst\u00e4nde zu reduzieren, um sie im Auge des Betrachters sehr fokussiert wirken zu lassen, ist seine Maxime.<\/p>\t\t\t\t\t\t<\/div>\n\t\t\t\t<\/div>\n\t\t\t\t\t<\/div>\n\t\t\t\t<\/div>\n\t\t<div class=\"elementor-element elementor-element-65e161d e-flex e-con-boxed e-con e-parent\" data-id=\"65e161d\" data-element_type=\"container\" data-settings=\"{&quot;background_background&quot;:&quot;classic&quot;}\">\n\t\t\t\t\t<div class=\"e-con-inner\">\n\t\t\t\t<div class=\"elementor-element elementor-element-976ebdb elementor-invisible elementor-widget elementor-widget-heading\" data-id=\"976ebdb\" data-element_type=\"widget\" data-settings=\"{&quot;_animation&quot;:&quot;fadeInDown&quot;}\" data-widget_type=\"heading.default\">\n\t\t\t\t<div class=\"elementor-widget-container\">\n\t\t\t<h2 class=\"elementor-heading-title elementor-size-default\">REDUCE <br>TO THE <br>MAX<\/h2>\t\t<\/div>\n\t\t\t\t<\/div>\n\t\t\t\t\t<\/div>\n\t\t\t\t<\/div>\n\t\t<div class=\"elementor-element elementor-element-2078d12 e-flex e-con-boxed e-con e-parent\" data-id=\"2078d12\" data-element_type=\"container\" data-settings=\"{&quot;background_background&quot;:&quot;classic&quot;}\">\n\t\t\t\t\t<div class=\"e-con-inner\">\n\t\t\t\t<div class=\"elementor-element elementor-element-042ffcb elementor-widget__width-initial elementor-widget elementor-widget-text-editor\" data-id=\"042ffcb\" data-element_type=\"widget\" data-widget_type=\"text-editor.default\">\n\t\t\t\t<div class=\"elementor-widget-container\">\n\t\t\t\t\t\t\t<p>Die Werke werden nummeriert, nicht betitelt. Nat\u00fcrlich hat SPIKE sofort Titel parat. Danach k\u00f6nnen Interessierte auch gerne fragen. Aber das ist seine Sicht der Dinge. Betrachterin und Betrachter sollen zun\u00e4chst ihre Rezipientensicht entwickeln und dadurch Spielraum f\u00fcr ihre eigene Interpretation schaffen. Oder auch nicht. Denn Kunst ist oft auch das, was schlichtweg gef\u00e4llt. Doktorarbeiten muss man nicht dar\u00fcber schreiben.<\/p>\t\t\t\t\t\t<\/div>\n\t\t\t\t<\/div>\n\t\t\t\t\t<\/div>\n\t\t\t\t<\/div>\n\t\t<div class=\"elementor-element elementor-element-a36a6a5 e-flex e-con-boxed e-con e-parent\" data-id=\"a36a6a5\" data-element_type=\"container\" data-settings=\"{&quot;background_background&quot;:&quot;classic&quot;}\">\n\t\t\t\t\t<div class=\"e-con-inner\">\n\t\t\t\t<div class=\"elementor-element elementor-element-2263c42 elementor-widget__width-initial elementor-widget elementor-widget-image\" data-id=\"2263c42\" data-element_type=\"widget\" data-widget_type=\"image.default\">\n\t\t\t\t<div class=\"elementor-widget-container\">\n\t\t\t\t\t\t\t\t\t\t\t\t\t<img fetchpriority=\"high\" decoding=\"async\" width=\"1024\" height=\"1024\" src=\"http:\/\/baiv.de\/spieker\/wp-content\/uploads\/GOJO3419-1024x1024.jpg\" class=\"attachment-large size-large wp-image-2486\" alt=\"\" srcset=\"http:\/\/baiv.de\/spieker\/wp-content\/uploads\/GOJO3419-1024x1024.jpg 1024w, http:\/\/baiv.de\/spieker\/wp-content\/uploads\/GOJO3419-300x300.jpg 300w, http:\/\/baiv.de\/spieker\/wp-content\/uploads\/GOJO3419-150x150.jpg 150w, http:\/\/baiv.de\/spieker\/wp-content\/uploads\/GOJO3419-768x768.jpg 768w, http:\/\/baiv.de\/spieker\/wp-content\/uploads\/GOJO3419-1536x1536.jpg 1536w, http:\/\/baiv.de\/spieker\/wp-content\/uploads\/GOJO3419.jpg 2048w\" sizes=\"(max-width: 1024px) 100vw, 1024px\" \/>\t\t\t\t\t\t\t\t\t\t\t\t\t<\/div>\n\t\t\t\t<\/div>\n\t\t\t\t<div class=\"elementor-element elementor-element-affbd2e elementor-widget__width-initial elementor-widget elementor-widget-image\" data-id=\"affbd2e\" data-element_type=\"widget\" data-widget_type=\"image.default\">\n\t\t\t\t<div class=\"elementor-widget-container\">\n\t\t\t\t\t\t\t\t\t\t\t\t\t<img decoding=\"async\" width=\"1536\" height=\"1024\" src=\"http:\/\/baiv.de\/spieker\/wp-content\/uploads\/GOJO6111-1536x1024.jpg\" class=\"attachment-1536x1536 size-1536x1536 wp-image-2503\" alt=\"\" srcset=\"http:\/\/baiv.de\/spieker\/wp-content\/uploads\/GOJO6111-1536x1024.jpg 1536w, http:\/\/baiv.de\/spieker\/wp-content\/uploads\/GOJO6111-300x200.jpg 300w, http:\/\/baiv.de\/spieker\/wp-content\/uploads\/GOJO6111-1024x683.jpg 1024w, http:\/\/baiv.de\/spieker\/wp-content\/uploads\/GOJO6111-768x512.jpg 768w, http:\/\/baiv.de\/spieker\/wp-content\/uploads\/GOJO6111-2048x1366.jpg 2048w\" sizes=\"(max-width: 1536px) 100vw, 1536px\" \/>\t\t\t\t\t\t\t\t\t\t\t\t\t<\/div>\n\t\t\t\t<\/div>\n\t\t\t\t<div class=\"elementor-element elementor-element-50556aa elementor-widget__width-initial elementor-widget elementor-widget-image\" data-id=\"50556aa\" data-element_type=\"widget\" data-widget_type=\"image.default\">\n\t\t\t\t<div class=\"elementor-widget-container\">\n\t\t\t\t\t\t\t\t\t\t\t\t\t<img decoding=\"async\" width=\"1024\" height=\"1024\" src=\"http:\/\/baiv.de\/spieker\/wp-content\/uploads\/GOJO3417-1024x1024.jpg\" class=\"attachment-large size-large wp-image-2485\" alt=\"\" srcset=\"http:\/\/baiv.de\/spieker\/wp-content\/uploads\/GOJO3417-1024x1024.jpg 1024w, http:\/\/baiv.de\/spieker\/wp-content\/uploads\/GOJO3417-300x300.jpg 300w, http:\/\/baiv.de\/spieker\/wp-content\/uploads\/GOJO3417-150x150.jpg 150w, http:\/\/baiv.de\/spieker\/wp-content\/uploads\/GOJO3417-768x768.jpg 768w, http:\/\/baiv.de\/spieker\/wp-content\/uploads\/GOJO3417-1536x1536.jpg 1536w, http:\/\/baiv.de\/spieker\/wp-content\/uploads\/GOJO3417.jpg 2048w\" sizes=\"(max-width: 1024px) 100vw, 1024px\" \/>\t\t\t\t\t\t\t\t\t\t\t\t\t<\/div>\n\t\t\t\t<\/div>\n\t\t\t\t\t<\/div>\n\t\t\t\t<\/div>\n\t\t<div class=\"elementor-element elementor-element-e03b5ec e-flex e-con-boxed e-con e-parent\" data-id=\"e03b5ec\" data-element_type=\"container\" data-settings=\"{&quot;background_background&quot;:&quot;classic&quot;}\">\n\t\t\t\t\t<div class=\"e-con-inner\">\n\t\t\t\t<div class=\"elementor-element elementor-element-b307ded elementor-widget elementor-widget-spacer\" data-id=\"b307ded\" data-element_type=\"widget\" data-widget_type=\"spacer.default\">\n\t\t\t\t<div class=\"elementor-widget-container\">\n\t\t\t\t\t<div class=\"elementor-spacer\">\n\t\t\t<div class=\"elementor-spacer-inner\"><\/div>\n\t\t<\/div>\n\t\t\t\t<\/div>\n\t\t\t\t<\/div>\n\t\t\t\t\t<\/div>\n\t\t\t\t<\/div>\n\t\t\t\t<\/div>\n\t\t","protected":false},"excerpt":{"rendered":"<p>Thomas Spieker Der K\u00fcnstler Der K\u00fcnstler Thomas Spieker, geboren am 16.09.1969 in M\u00fcnchen, lebt und arbeitet in Gehrden bei Hannover.SPIKE ist seit 2004 in diversen Kunstausstellungen vertreten. Der Gehrdener K\u00fcnstler Thomas Spieker alias SPIKE verhilft der Kraft der Farben zur vollen Geltung, indem er pro Werk nur wenige unterschiedliche davon benutzt. Bisweilen kreiert SPIKE auch [&hellip;]<\/p>\n","protected":false},"author":1,"featured_media":0,"parent":0,"menu_order":0,"comment_status":"closed","ping_status":"closed","template":"","meta":{"_uag_custom_page_level_css":"","site-sidebar-layout":"no-sidebar","site-content-layout":"page-builder","ast-site-content-layout":"full-width-container","site-content-style":"unboxed","site-sidebar-style":"unboxed","ast-global-header-display":"","ast-banner-title-visibility":"","ast-main-header-display":"","ast-hfb-above-header-display":"","ast-hfb-below-header-display":"","ast-hfb-mobile-header-display":"","site-post-title":"disabled","ast-breadcrumbs-content":"","ast-featured-img":"","footer-sml-layout":"","theme-transparent-header-meta":"disabled","adv-header-id-meta":"","stick-header-meta":"","header-above-stick-meta":"","header-main-stick-meta":"","header-below-stick-meta":"","astra-migrate-meta-layouts":"set","ast-page-background-enabled":"default","ast-page-background-meta":{"desktop":{"background-color":"","background-image":"","background-repeat":"repeat","background-position":"center center","background-size":"auto","background-attachment":"scroll","background-type":"","background-media":"","overlay-type":"","overlay-color":"","overlay-opacity":"","overlay-gradient":""},"tablet":{"background-color":"","background-image":"","background-repeat":"repeat","background-position":"center center","background-size":"auto","background-attachment":"scroll","background-type":"","background-media":"","overlay-type":"","overlay-color":"","overlay-opacity":"","overlay-gradient":""},"mobile":{"background-color":"","background-image":"","background-repeat":"repeat","background-position":"center center","background-size":"auto","background-attachment":"scroll","background-type":"","background-media":"","overlay-type":"","overlay-color":"","overlay-opacity":"","overlay-gradient":""}},"ast-content-background-meta":{"desktop":{"background-color":"var(--ast-global-color-5)","background-image":"","background-repeat":"repeat","background-position":"center center","background-size":"auto","background-attachment":"scroll","background-type":"","background-media":"","overlay-type":"","overlay-color":"","overlay-opacity":"","overlay-gradient":""},"tablet":{"background-color":"var(--ast-global-color-5)","background-image":"","background-repeat":"repeat","background-position":"center center","background-size":"auto","background-attachment":"scroll","background-type":"","background-media":"","overlay-type":"","overlay-color":"","overlay-opacity":"","overlay-gradient":""},"mobile":{"background-color":"var(--ast-global-color-5)","background-image":"","background-repeat":"repeat","background-position":"center center","background-size":"auto","background-attachment":"scroll","background-type":"","background-media":"","overlay-type":"","overlay-color":"","overlay-opacity":"","overlay-gradient":""}},"footnotes":""},"class_list":["post-11","page","type-page","status-publish","hentry"],"uagb_featured_image_src":{"full":false,"thumbnail":false,"medium":false,"medium_large":false,"large":false,"1536x1536":false,"2048x2048":false},"uagb_author_info":{"display_name":"admin","author_link":"http:\/\/baiv.de\/spieker\/author\/admin\/"},"uagb_comment_info":0,"uagb_excerpt":"Thomas Spieker Der K\u00fcnstler Der K\u00fcnstler Thomas Spieker, geboren am 16.09.1969 in M\u00fcnchen, lebt und arbeitet in Gehrden bei Hannover.SPIKE ist seit 2004 in diversen Kunstausstellungen vertreten. Der Gehrdener K\u00fcnstler Thomas Spieker alias SPIKE verhilft der Kraft der Farben zur vollen Geltung, indem er pro Werk nur wenige unterschiedliche davon benutzt. Bisweilen kreiert SPIKE auch&hellip;","_links":{"self":[{"href":"http:\/\/baiv.de\/spieker\/wp-json\/wp\/v2\/pages\/11"}],"collection":[{"href":"http:\/\/baiv.de\/spieker\/wp-json\/wp\/v2\/pages"}],"about":[{"href":"http:\/\/baiv.de\/spieker\/wp-json\/wp\/v2\/types\/page"}],"author":[{"embeddable":true,"href":"http:\/\/baiv.de\/spieker\/wp-json\/wp\/v2\/users\/1"}],"replies":[{"embeddable":true,"href":"http:\/\/baiv.de\/spieker\/wp-json\/wp\/v2\/comments?post=11"}],"version-history":[{"count":23,"href":"http:\/\/baiv.de\/spieker\/wp-json\/wp\/v2\/pages\/11\/revisions"}],"predecessor-version":[{"id":2564,"href":"http:\/\/baiv.de\/spieker\/wp-json\/wp\/v2\/pages\/11\/revisions\/2564"}],"wp:attachment":[{"href":"http:\/\/baiv.de\/spieker\/wp-json\/wp\/v2\/media?parent=11"}],"curies":[{"name":"wp","href":"https:\/\/api.w.org\/{rel}","templated":true}]}}